{"id":38,"date":"2020-07-21T11:08:48","date_gmt":"2020-07-21T09:08:48","guid":{"rendered":"https:\/\/brunken-gestalttherapie.de\/wordpress\/?page_id=38"},"modified":"2020-08-02T19:05:03","modified_gmt":"2020-08-02T17:05:03","slug":"ueber-mich","status":"publish","type":"page","link":"https:\/\/brunken-gestalttherapie.de\/index.php\/ueber-mich\/","title":{"rendered":"\u00dcber mich"},"content":{"rendered":"<h1>\u00dcber mich<\/h1>\n<div class=\"grid\">\n<div>\n<ul>\n<li>Ich bin 1958 geboren, bin verheiratet und lebe gemeinsam mit meiner Frau in Westerstede bei Oldenburg.<\/li>\n<li>Ich habe Agrarwissenschaften studiert und anschlie\u00dfend an der Georg-August-Universit\u00e4t in G\u00f6ttingen zum Dr. sc. agr. promoviert.<\/li>\n<li>Anschlie\u00dfend bin ich als Fachberater in den Dienst einer nieders\u00e4chsischen Landesbeh\u00f6rde getreten.<\/li>\n<li>Ich habe eine Ausbildung zum Gestaltberater\/-p\u00e4dagogen in Oldenburg absolviert.<\/li>\n<\/ul>\n<\/div>\n<div>\n<figure id=\"attachment_137\" aria-describedby=\"caption-attachment-137\" style=\"width: 300px\" class=\"wp-caption alignright\"><img loading=\"lazy\" decoding=\"async\" class=\"wp-image-137 size-medium\" style=\"float: right;\" src=\"https:\/\/brunken-gestalttherapie.de\/wordpress\/wp-content\/uploads\/2020\/08\/DSCN1111a-300x247.jpg\" alt=\"Dr. sc. agr. Hans-Gerd Brunken Gestalttherapeut Heilpraktiker f\u00fcr Psychotherapie\" width=\"300\" height=\"247\" srcset=\"https:\/\/brunken-gestalttherapie.de\/wordpress\/wp-content\/uploads\/2020\/08\/DSCN1111a-300x247.jpg 300w, https:\/\/brunken-gestalttherapie.de\/wordpress\/wp-content\/uploads\/2020\/08\/DSCN1111a-768x632.jpg 768w, https:\/\/brunken-gestalttherapie.de\/wordpress\/wp-content\/uploads\/2020\/08\/DSCN1111a.jpg 800w\" sizes=\"auto, (max-width: 300px) 100vw, 300px\" \/><figcaption id=\"caption-attachment-137\" class=\"wp-caption-text\">Dr. sc. agr. Hans-Gerd Brunken Gestalttherapeut Heilpraktiker f\u00fcr Psychotherapie<\/figcaption><\/figure>\n<\/div>\n<\/div>\n<ul>\n<li>Ich bin ausgebildeter Gestalttherapeut und praktiziere in einer Praxisgemeinschaft.<\/li>\n<li>Dar\u00fcber hinaus bin ich Heilpraktiker f\u00fcr das Gebiet der Psychotherapie.<\/li>\n<li>Neben meiner Praxisarbeit bin ich auch als Dozent im Bereich der Erwachsenenweiterbildung bei verschiedenen Bildungstr\u00e4gern t\u00e4tig.<\/li>\n<li>Ich habe 2010 eine 2-j\u00e4hrige Fortbildung zum Lehrtherapeuten auf dem Gebiet der Gestalttherapie abgeschlossen und bin seitdem auch als Supervisor in verschiedenen Einrichtungen t\u00e4tig.<\/li>\n<li>Ich bin Mitglied der DGIK, der Deutschen Gesellschaft f\u00fcr Integrative Therapie, Gestalttherapie und Kreativit\u00e4tsf\u00f6rderung e. V.<\/li>\n<\/ul>\n","protected":false},"excerpt":{"rendered":"<p>\u00dcber mich Ich bin 1958 geboren, bin verheiratet und lebe gemeinsam mit meiner Frau in Westerstede bei Oldenburg. Ich habe Agrarwissenschaften studiert und anschlie\u00dfend an der Georg-August-Universit\u00e4t in G\u00f6ttingen zum Dr. sc. agr. promoviert. Anschlie\u00dfend bin ich als Fachberater in<\/p>\n","protected":false},"author":1,"featured_media":0,"parent":0,"menu_order":0,"comment_status":"closed","ping_status":"closed","template":"","meta":{"footnotes":""},"class_list":["post-38","page","type-page","status-publish","hentry"],"_links":{"self":[{"href":"https:\/\/brunken-gestalttherapie.de\/index.php\/wp-json\/wp\/v2\/pages\/38","targetHints":{"allow":["GET"]}}],"collection":[{"href":"https:\/\/brunken-gestalttherapie.de\/index.php\/wp-json\/wp\/v2\/pages"}],"about":[{"href":"https:\/\/brunken-gestalttherapie.de\/index.php\/wp-json\/wp\/v2\/types\/page"}],"author":[{"embeddable":true,"href":"https:\/\/brunken-gestalttherapie.de\/index.php\/wp-json\/wp\/v2\/users\/1"}],"replies":[{"embeddable":true,"href":"https:\/\/brunken-gestalttherapie.de\/index.php\/wp-json\/wp\/v2\/comments?post=38"}],"version-history":[{"count":11,"href":"https:\/\/brunken-gestalttherapie.de\/index.php\/wp-json\/wp\/v2\/pages\/38\/revisions"}],"predecessor-version":[{"id":174,"href":"https:\/\/brunken-gestalttherapie.de\/index.php\/wp-json\/wp\/v2\/pages\/38\/revisions\/174"}],"wp:attachment":[{"href":"https:\/\/brunken-gestalttherapie.de\/index.php\/wp-json\/wp\/v2\/media?parent=38"}],"curies":[{"name":"wp","href":"https:\/\/api.w.org\/{rel}","templated":true}]}}